{"id":3025,"date":"2021-05-09T19:54:18","date_gmt":"2021-05-09T19:54:18","guid":{"rendered":"http:\/\/ceciliaolliveira.com\/?page_id=3025"},"modified":"2025-07-18T17:49:05","modified_gmt":"2025-07-18T17:49:05","slug":"sobre","status":"publish","type":"page","link":"https:\/\/ceciliaolliveira.com\/en\/sobre\/","title":{"rendered":"About"},"content":{"rendered":"<div class=\"fusion-fullwidth fullwidth-box fusion-builder-row-1 fusion-flex-container nonhundred-percent-fullwidth non-hundred-percent-height-scrolling\" style=\"background-color: #f6f6f6;background-position: center center;background-repeat: no-repeat;border-width: 0px 0px 0px 0px;border-color:#eae9e9;border-style:solid;\" ><div class=\"fusion-builder-row fusion-row fusion-flex-align-items-flex-start\" style=\"max-width:1320.8px;margin-left: calc(-4% \/ 2 );margin-right: calc(-4% \/ 2 );\"><div class=\"fusion-layout-column fusion_builder_column fusion-builder-column-0 fusion_builder_column_1_2 1_2 fusion-flex-column fusion-flex-align-self-flex-start\"><div class=\"fusion-column-wrapper fusion-flex-justify-content-flex-start fusion-content-layout-column\" style=\"background-position:left top;background-repeat:no-repeat;-webkit-background-size:cover;-moz-background-size:cover;-o-background-size:cover;background-size:cover;padding: 0px 0px 0px 0px;\"><div class=\"fusion-separator fusion-no-medium-visibility fusion-no-large-visibility fusion-full-width-sep\" style=\"align-self: center;margin-left: auto;margin-right: auto;margin-top:8%;width:100%;\"><\/div><div class=\"fusion-separator fusion-no-medium-visibility fusion-no-large-visibility fusion-full-width-sep\" style=\"align-self: center;margin-left: auto;margin-right: auto;margin-top:8%;width:100%;\"><\/div><div style=\"text-align:center;\"><span class=\"fusion-imageframe imageframe-none imageframe-1 hover-type-none\" style=\"border-radius:30px;width:100%;max-width:600px;\"><img decoding=\"async\" width=\"3212\" height=\"3648\" title=\"site-sobre-novo\" src=\"http:\/\/ceciliaolliveira.com\/wp-content\/uploads\/2024\/06\/site-sobre-novo.png\" class=\"img-responsive wp-image-3629\" srcset=\"https:\/\/ceciliaolliveira.com\/wp-content\/uploads\/2024\/06\/site-sobre-novo-200x227.png 200w, https:\/\/ceciliaolliveira.com\/wp-content\/uploads\/2024\/06\/site-sobre-novo-400x454.png 400w, https:\/\/ceciliaolliveira.com\/wp-content\/uploads\/2024\/06\/site-sobre-novo-600x681.png 600w, https:\/\/ceciliaolliveira.com\/wp-content\/uploads\/2024\/06\/site-sobre-novo-800x909.png 800w, https:\/\/ceciliaolliveira.com\/wp-content\/uploads\/2024\/06\/site-sobre-novo-1200x1363.png 1200w, https:\/\/ceciliaolliveira.com\/wp-content\/uploads\/2024\/06\/site-sobre-novo.png 3212w\" sizes=\"(max-width: 1024px) 100vw, (max-width: 640px) 100vw, 600px\" \/><\/span><\/div><div class=\"fusion-separator fusion-no-medium-visibility fusion-no-large-visibility fusion-full-width-sep\" style=\"align-self: center;margin-left: auto;margin-right: auto;margin-top:8%;width:100%;\"><\/div><\/div><style type=\"text\/css\">.fusion-body .fusion-builder-column-0{width:50% !important;margin-top : -50px;margin-bottom : 25px;}.fusion-builder-column-0 > .fusion-column-wrapper {padding-top : 0px !important;padding-right : 0px !important;margin-right : 3.84%;padding-bottom : 0px !important;padding-left : 0px !important;margin-left : 3.84%;}@media only screen and (max-width:1024px) {.fusion-body .fusion-builder-column-0{width:100% !important;order : 0;}.fusion-builder-column-0 > .fusion-column-wrapper {margin-right : 1.92%;margin-left : 1.92%;}}@media only screen and (max-width:640px) {.fusion-body .fusion-builder-column-0{width:100% !important;order : 0;}.fusion-builder-column-0 > .fusion-column-wrapper {margin-right : 1.92%;margin-left : 1.92%;}}<\/style><\/div><div class=\"fusion-layout-column fusion_builder_column fusion-builder-column-1 fusion_builder_column_1_2 1_2 fusion-flex-column fusion-flex-align-self-flex-start\"><div class=\"fusion-column-wrapper fusion-flex-justify-content-flex-start fusion-content-layout-column\" style=\"background-position:left top;background-repeat:no-repeat;-webkit-background-size:cover;-moz-background-size:cover;-o-background-size:cover;background-size:cover;padding: 0px 0px 0px 0px;\"><div class=\"fusion-text fusion-text-1\"><p>I'm Cec\u00edlia Olliveira, a journalist, Atl\u00e9tico Mineiro fan, co-founder of The Intercept Brasil and founding director of the Fogo Cruzado Institute. Investigative journalism is my obsession and over the last two decades I've tried to combine this craft with the production of data on urban violence.<\/p>\n<p>It is based on these principles that I work professionally.<\/p>\n<p>No jornalismo, me dedico \u00e0 cobertura do tr\u00e1fico de drogas e de armas e a viol\u00eancia, especialmente a de grupos armados. Para contribuir com o fortalecimento do jornalismo que acredito, fui diretora da Associa\u00e7\u00e3o Brasileira de Jornalismo Investigativo (ABRAJI) entre 2022 e 2025.<\/p>\n<p>Focusing on violence coverage, I am a member of The Global Initiative Against Transnational Organized Crime and part of the Security Sector Reform (SSR) Advisory Network to the United Nations.<\/p>\n<p>As an advisor, I'm on the board of the Institute for Integrated Transitions - as a specialist on the Latin America and Caribbean Regional Program team -, of the Institute for the Study of Religion and of Ag\u00eancia P\u00fablica. I am also on the advisory board of \u201cReframing Justice in Brazil\u201d, a project by Porticus Latin America, Oak Foundation and FrameWorks Institute, focused on the criminal justice system.<\/p>\n<\/div><div class=\"fusion-separator fusion-no-small-visibility fusion-full-width-sep\" style=\"align-self: center;margin-left: auto;margin-right: auto;margin-top:8%;width:100%;\"><\/div><\/div><style type=\"text\/css\">.fusion-body .fusion-builder-column-1{width:50% !important;margin-top : -5%;margin-bottom : 25px;}.fusion-builder-column-1 > .fusion-column-wrapper {padding-top : 0px !important;padding-right : 0px !important;margin-right : 3.84%;padding-bottom : 0px !important;padding-left : 0px !important;margin-left : 3.84%;}@media only screen and (max-width:1024px) {.fusion-body .fusion-builder-column-1{width:100% !important;order : 0;}.fusion-builder-column-1 > .fusion-column-wrapper {margin-right : 1.92%;margin-left : 1.92%;}}@media only screen and (max-width:640px) {.fusion-body .fusion-builder-column-1{width:100% !important;order : 0;}.fusion-builder-column-1 > .fusion-column-wrapper {margin-right : 1.92%;margin-left : 1.92%;}}<\/style><\/div><div class=\"fusion-layout-column fusion_builder_column fusion-builder-column-2 fusion_builder_column_1_1 1_1 fusion-flex-column fusion-flex-align-self-flex-start\"><div class=\"fusion-column-wrapper fusion-flex-justify-content-flex-start fusion-content-layout-column\" style=\"background-position:left top;background-repeat:no-repeat;-webkit-background-size:cover;-moz-background-size:cover;-o-background-size:cover;background-size:cover;padding: 0px 0px 0px 0px;\"><div class=\"fusion-text fusion-text-2\"><p>I have a postgraduate degree in Crime and Public Security from the Federal University of Minas Gerais (UFMG) and in Drug Policy, HIV and Human Rights from the University of Texas. I also attended the Latin American Advocacy Fellowship Program on Drug Policy Reform as an Open Society Fellow in London. I was also a fellow at the Shuttleworth Foundation, where I worked on creating innovative solutions to combat armed violence based on technology and open data.<\/p>\n<p>I have worked as a consultant for Amnesty International Brazil, LEAP Brasil and Redes da Mar\u00e9. I coordinated communications for the Program for the Reduction of Lethal Violence against Adolescents and Young People (PRVL), a partnership between UNICEF, the Presidency of the Republic and the Favelas Observatory.<\/p>\n<p>Frustrated with the lack of public data, I started mapping shootings in the metropolitan region of Rio de Janeiro. This idea became Fogo Cruzado, now an Institute, which uses technology to produce and disseminate open and collaborative data on armed violence. Today, FC is spreading to other large municipalities in Brazil, including cities in the Amazon.<\/p>\n<p>Because of my work, I was the only Latin American finalist for the 2020 Reporters Without Borders Press Award, which celebrates intrepid and courageous voices in the global media. Through my coverage, my work has also been recognized in major awards such as the OJAs - Online Journalism Awards, the Vladimir Herzog Prize for Amnesty and Human Rights, Yes to Racial Equality, One World Media, Sigma Data Journalism, the Gabo Prize, etc.<\/p>\n<p>I also received a tribute from the Innovare Award for the idea of Fogo Cruzado, which came second in the Justice and Citizenship category at the 18th Award in 2021.<\/p>\n<\/div><\/div><style type=\"text\/css\">.fusion-body .fusion-builder-column-2{width:100% !important;margin-top : -5%;margin-bottom : 25px;}.fusion-builder-column-2 > .fusion-column-wrapper {padding-top : 0px !important;padding-right : 0px !important;margin-right : 1.92%;padding-bottom : 0px !important;padding-left : 0px !important;margin-left : 1.92%;}@media only screen and (max-width:1024px) {.fusion-body .fusion-builder-column-2{width:100% !important;order : 0;}.fusion-builder-column-2 > .fusion-column-wrapper {margin-right : 1.92%;margin-left : 1.92%;}}@media only screen and (max-width:640px) {.fusion-body .fusion-builder-column-2{width:100% !important;order : 0;}.fusion-builder-column-2 > .fusion-column-wrapper {margin-right : 1.92%;margin-left : 1.92%;}}<\/style><\/div><\/div><style type=\"text\/css\">.fusion-body .fusion-flex-container.fusion-builder-row-1{ padding-top : 11%;margin-top : 0px;padding-right : 0px;padding-bottom : 20px;margin-bottom : 0px;padding-left : 0px;}<\/style><\/div>","protected":false},"excerpt":{"rendered":"","protected":false},"author":1,"featured_media":0,"parent":0,"menu_order":0,"comment_status":"closed","ping_status":"closed","template":"100-width.php","meta":[],"_links":{"self":[{"href":"https:\/\/ceciliaolliveira.com\/en\/wp-json\/wp\/v2\/pages\/3025"}],"collection":[{"href":"https:\/\/ceciliaolliveira.com\/en\/wp-json\/wp\/v2\/pages"}],"about":[{"href":"https:\/\/ceciliaolliveira.com\/en\/wp-json\/wp\/v2\/types\/page"}],"author":[{"embeddable":true,"href":"https:\/\/ceciliaolliveira.com\/en\/wp-json\/wp\/v2\/users\/1"}],"replies":[{"embeddable":true,"href":"https:\/\/ceciliaolliveira.com\/en\/wp-json\/wp\/v2\/comments?post=3025"}],"version-history":[{"count":41,"href":"https:\/\/ceciliaolliveira.com\/en\/wp-json\/wp\/v2\/pages\/3025\/revisions"}],"predecessor-version":[{"id":3993,"href":"https:\/\/ceciliaolliveira.com\/en\/wp-json\/wp\/v2\/pages\/3025\/revisions\/3993"}],"wp:attachment":[{"href":"https:\/\/ceciliaolliveira.com\/en\/wp-json\/wp\/v2\/media?parent=3025"}],"curies":[{"name":"wp","href":"https:\/\/api.w.org\/{rel}","templated":true}]}}